{"id":46,"date":"2022-01-26T10:10:29","date_gmt":"2022-01-26T09:10:29","guid":{"rendered":"https:\/\/www.baumundblume.de\/?page_id=46"},"modified":"2023-08-14T19:53:40","modified_gmt":"2023-08-14T17:53:40","slug":"ferienwohnung-in-der-altmark","status":"publish","type":"page","link":"https:\/\/www.baumundblume.de\/","title":{"rendered":"Ferienwohnung in der Altmark"},"content":{"rendered":"\t\r\n\t\t\r\n\t<div id=\"meteor-slideshow\" class=\"meteor-slides  navprevnext\">\r\n\t\r\n\t\t\t\r\n\t\t\t\r\n\t\t\t<ul class=\"meteor-nav\">\r\n\t\t\r\n\t\t\t\t<li id=\"meteor-prev\" class=\"prev\"><a href=\"#prev\">Previous<\/a><\/li>\r\n\t\t\t\r\n\t\t\t\t<li id=\"meteor-next\" class=\"next\"><a href=\"#next\">Next<\/a><\/li>\r\n\t\t\t\r\n\t\t\t<\/ul><!-- .meteor-nav -->\r\n\t\t\r\n\t\t\t\t\r\n\t\t\t\r\n\t\t<div class=\"meteor-clip\">\r\n\t\r\n\t\t\t\t\r\n\t\t\t<img decoding=\"async\" style=\"visibility: hidden;\" class=\"meteor-shim\" src=\"https:\/\/www.baumundblume.de\/wp-content\/uploads\/2022\/01\/08.jpg\" alt=\"\" \/>\r\n\t\t\t<div class=\"mslide mslide-1\">\r\n\t\t\t\t\r\n\t\t\t\t\t\t\t\t\t\r\n\t\t\t\t\t<img loading=\"lazy\" decoding=\"async\" width=\"533\" height=\"400\" src=\"https:\/\/www.baumundblume.de\/wp-content\/uploads\/2022\/01\/08.jpg\" class=\"attachment-featured-slide size-featured-slide wp-post-image\" alt=\"\" title=\"Ferienwohnung\" srcset=\"https:\/\/www.baumundblume.de\/wp-content\/uploads\/2022\/01\/08.jpg 600w, https:\/\/www.baumundblume.de\/wp-content\/uploads\/2022\/01\/08-300x225.jpg 300w\" sizes=\"auto, (max-width: 533px) 100vw, 533px\" style=\"width:100%;height:75%;max-width:600px;\" \/>\t\t\t\t\t\r\n\t\t\t\t\t\t\t\r\n\t\t\t<\/div><!-- .mslide -->\r\n\t\t\t\r\n\t\t\t\t\t\t\r\n\t\t\t\t\r\n\t\t\t\r\n\t\t\t<div class=\"mslide mslide-2\">\r\n\t\t\t\t\r\n\t\t\t\t\t\t\t\t\t\r\n\t\t\t\t\t<img loading=\"lazy\" decoding=\"async\" width=\"533\" height=\"400\" src=\"https:\/\/www.baumundblume.de\/wp-content\/uploads\/2022\/01\/06-1.jpg\" class=\"attachment-featured-slide size-featured-slide wp-post-image\" alt=\"Gartenansicht des Ferienhauses\" title=\"Die Hofseite\" srcset=\"https:\/\/www.baumundblume.de\/wp-content\/uploads\/2022\/01\/06-1.jpg 600w, https:\/\/www.baumundblume.de\/wp-content\/uploads\/2022\/01\/06-1-300x225.jpg 300w\" sizes=\"auto, (max-width: 533px) 100vw, 533px\" style=\"width:100%;height:75%;max-width:600px;\" \/>\t\t\t\t\t\r\n\t\t\t\t\t\t\t\r\n\t\t\t<\/div><!-- .mslide -->\r\n\t\t\t\r\n\t\t\t\t\t\t\r\n\t\t\t\t\r\n\t\t<\/div><!-- .meteor-clip -->\r\n\t\t\t\t\r\n\t\t\t\t\t\r\n\t<\/div><!-- .meteor-slides -->\r\n\t\r\n\t\n\n\n\n<p><strong>Baum &amp; Blume<\/strong><br>In einem \u00fcber 200 Jahre alten Fachwerkhaus bieten wir Ihnen eine kleine, liebevoll eingerichtete Ferienwohnung auf einem Resthof im Norden der Altmark nahe dem Wendland.<\/p>\n\n\n\n<p>Nahe dem Naturschutzgebiet &#8218;Hohe Garbe&#8216;, Aland und Elbe bietet die Umgebung viele M\u00f6glichkeiten zum Fahrrad oder Kanu\/Kajak fahren, wandern und die Gegend erkunden.<\/p>\n\n\n\n<p>Mit einem Wohnzimmer, Schlafzimmer, K\u00fcche und Bad ist sie f\u00fcr zwei Personen optimal geeignet.<br>F\u00fcr ein Kleinkind ist eine Wiege vorhanden.<\/p>\n\n\n\n<p>Unser gro\u00dfer Garten l\u00e4dt ein zum Entspannen.<\/p>\n\n\n\n<div class=\"wp-block-columns is-layout-flex wp-container-core-columns-is-layout-9d6595d7 wp-block-columns-is-layout-flex\">\n<div class=\"wp-block-column is-layout-flow wp-block-column-is-layout-flow\"><\/div>\n\n\n\n<div class=\"wp-block-column is-layout-flow wp-block-column-is-layout-flow\"><\/div>\n<\/div>\n","protected":false},"excerpt":{"rendered":"<p>Baum &amp; BlumeIn einem \u00fcber 200 Jahre alten Fachwerkhaus bieten wir Ihnen eine kleine, liebevoll eingerichtete Ferienwohnung auf einem Resthof im Norden der Altmark nahe dem Wendland. Nahe dem Naturschutzgebiet &#8218;Hohe Garbe&#8216;, Aland und Elbe bietet die Umgebung viele M\u00f6glichkeiten zum Fahrrad oder Kanu\/Kajak fahren, wandern und die Gegend erkunden. Mit einem Wohnzimmer, Schlafzimmer, K\u00fcche&hellip; <a class=\"more-link\" href=\"https:\/\/www.baumundblume.de\/\"><span class=\"screen-reader-text\">Ferienwohnung in der Altmark<\/span> weiterlesen<\/a><\/p>\n","protected":false},"author":1,"featured_media":0,"parent":0,"menu_order":0,"comment_status":"closed","ping_status":"closed","template":"","meta":{"footnotes":""},"class_list":["post-46","page","type-page","status-publish","hentry","entry"],"_links":{"self":[{"href":"https:\/\/www.baumundblume.de\/index.php?rest_route=\/wp\/v2\/pages\/46","targetHints":{"allow":["GET"]}}],"collection":[{"href":"https:\/\/www.baumundblume.de\/index.php?rest_route=\/wp\/v2\/pages"}],"about":[{"href":"https:\/\/www.baumundblume.de\/index.php?rest_route=\/wp\/v2\/types\/page"}],"author":[{"embeddable":true,"href":"https:\/\/www.baumundblume.de\/index.php?rest_route=\/wp\/v2\/users\/1"}],"replies":[{"embeddable":true,"href":"https:\/\/www.baumundblume.de\/index.php?rest_route=%2Fwp%2Fv2%2Fcomments&post=46"}],"version-history":[{"count":8,"href":"https:\/\/www.baumundblume.de\/index.php?rest_route=\/wp\/v2\/pages\/46\/revisions"}],"predecessor-version":[{"id":222,"href":"https:\/\/www.baumundblume.de\/index.php?rest_route=\/wp\/v2\/pages\/46\/revisions\/222"}],"wp:attachment":[{"href":"https:\/\/www.baumundblume.de\/index.php?rest_route=%2Fwp%2Fv2%2Fmedia&parent=46"}],"curies":[{"name":"wp","href":"https:\/\/api.w.org\/{rel}","templated":true}]}}