{"id":50,"date":"2022-01-26T10:11:47","date_gmt":"2022-01-26T09:11:47","guid":{"rendered":"https:\/\/www.baumundblume.de\/?page_id=50"},"modified":"2025-03-30T14:11:37","modified_gmt":"2025-03-30T12:11:37","slug":"garten","status":"publish","type":"page","link":"https:\/\/www.baumundblume.de\/?page_id=50","title":{"rendered":"Garten"},"content":{"rendered":"\n<div class=\"wp-block-columns is-layout-flex wp-container-core-columns-is-layout-9d6595d7 wp-block-columns-is-layout-flex\">\n<div class=\"wp-block-column is-layout-flow wp-block-column-is-layout-flow\">\n<p><strong>Der Garten<\/strong><br>Nutzen Sie mit unserer Ferienwohnung auch unseren Garten!<\/p>\n\n\n\n<p>Auf einer Fl\u00e4che von ca. 3000 m\u00b2 finden Sie viele verwunschene Pl\u00e4tze in unserem naturnah angelegten Garten. Neben heimischen Obstb\u00e4umen wie Kirsche, Apfel, Zwetschge oder Pflaume gedeihen bei uns auch eine Maulbeere und eine Marone sowie zahlreiche Nussgeh\u00f6lze.<\/p>\n\n\n\n<p>F\u00fcr eine Bl\u00fctenpracht von Fr\u00fchjahr bis Herbst<\/p>\n<\/div>\n\n\n\n<div class=\"wp-block-column is-layout-flow wp-block-column-is-layout-flow\">\t\r\n\t\t\r\n\t<div id=\"meteor-slideshow\" class=\"meteor-slides  navprevnext\">\r\n\t\r\n\t\t\t\r\n\t\t\t\r\n\t\t\t<ul class=\"meteor-nav\">\r\n\t\t\r\n\t\t\t\t<li id=\"meteor-prev\" class=\"prev\"><a href=\"#prev\">Previous<\/a><\/li>\r\n\t\t\t\r\n\t\t\t\t<li id=\"meteor-next\" class=\"next\"><a href=\"#next\">Next<\/a><\/li>\r\n\t\t\t\r\n\t\t\t<\/ul><!-- .meteor-nav -->\r\n\t\t\r\n\t\t\t\t\r\n\t\t\t\r\n\t\t<div class=\"meteor-clip\">\r\n\t\r\n\t\t\t\t\r\n\t\t\t<img decoding=\"async\" style=\"visibility: hidden;\" class=\"meteor-shim\" src=\"https:\/\/www.baumundblume.de\/wp-content\/uploads\/2022\/01\/08.jpg\" alt=\"\" \/>\r\n\t\t\t<div class=\"mslide mslide-1\">\r\n\t\t\t\t\r\n\t\t\t\t\t\t\t\t\t\r\n\t\t\t\t\t<img loading=\"lazy\" decoding=\"async\" width=\"533\" height=\"400\" src=\"https:\/\/www.baumundblume.de\/wp-content\/uploads\/2022\/01\/08.jpg\" class=\"attachment-featured-slide size-featured-slide wp-post-image\" alt=\"\" title=\"Ferienwohnung\" srcset=\"https:\/\/www.baumundblume.de\/wp-content\/uploads\/2022\/01\/08.jpg 600w, https:\/\/www.baumundblume.de\/wp-content\/uploads\/2022\/01\/08-300x225.jpg 300w\" sizes=\"auto, (max-width: 533px) 100vw, 533px\" style=\"width:100%;height:75%;max-width:600px;\" \/>\t\t\t\t\t\r\n\t\t\t\t\t\t\t\r\n\t\t\t<\/div><!-- .mslide -->\r\n\t\t\t\r\n\t\t\t\t\t\t\r\n\t\t\t\t\r\n\t\t\t\r\n\t\t\t<div class=\"mslide mslide-2\">\r\n\t\t\t\t\r\n\t\t\t\t\t\t\t\t\t\r\n\t\t\t\t\t<img loading=\"lazy\" decoding=\"async\" width=\"533\" height=\"400\" src=\"https:\/\/www.baumundblume.de\/wp-content\/uploads\/2022\/01\/06-1.jpg\" class=\"attachment-featured-slide size-featured-slide wp-post-image\" alt=\"Gartenansicht des Ferienhauses\" title=\"Die Hofseite\" srcset=\"https:\/\/www.baumundblume.de\/wp-content\/uploads\/2022\/01\/06-1.jpg 600w, https:\/\/www.baumundblume.de\/wp-content\/uploads\/2022\/01\/06-1-300x225.jpg 300w\" sizes=\"auto, (max-width: 533px) 100vw, 533px\" style=\"width:100%;height:75%;max-width:600px;\" \/>\t\t\t\t\t\r\n\t\t\t\t\t\t\t\r\n\t\t\t<\/div><!-- .mslide -->\r\n\t\t\t\r\n\t\t\t\t\t\t\r\n\t\t\t\t\r\n\t\t<\/div><!-- .meteor-clip -->\r\n\t\t\t\t\r\n\t\t\t\t\t\r\n\t<\/div><!-- .meteor-slides -->\r\n\t\r\n\t\n<\/div>\n<\/div>\n","protected":false},"excerpt":{"rendered":"<p>Der GartenNutzen Sie mit unserer Ferienwohnung auch unseren Garten! Auf einer Fl\u00e4che von ca. 3000 m\u00b2 finden Sie viele verwunschene Pl\u00e4tze in unserem naturnah angelegten Garten. Neben heimischen Obstb\u00e4umen wie Kirsche, Apfel, Zwetschge oder Pflaume gedeihen bei uns auch eine Maulbeere und eine Marone sowie zahlreiche Nussgeh\u00f6lze. F\u00fcr eine Bl\u00fctenpracht von Fr\u00fchjahr bis Herbst<\/p>\n","protected":false},"author":1,"featured_media":0,"parent":0,"menu_order":0,"comment_status":"closed","ping_status":"closed","template":"","meta":{"footnotes":""},"class_list":["post-50","page","type-page","status-publish","hentry","entry"],"_links":{"self":[{"href":"https:\/\/www.baumundblume.de\/index.php?rest_route=\/wp\/v2\/pages\/50","targetHints":{"allow":["GET"]}}],"collection":[{"href":"https:\/\/www.baumundblume.de\/index.php?rest_route=\/wp\/v2\/pages"}],"about":[{"href":"https:\/\/www.baumundblume.de\/index.php?rest_route=\/wp\/v2\/types\/page"}],"author":[{"embeddable":true,"href":"https:\/\/www.baumundblume.de\/index.php?rest_route=\/wp\/v2\/users\/1"}],"replies":[{"embeddable":true,"href":"https:\/\/www.baumundblume.de\/index.php?rest_route=%2Fwp%2Fv2%2Fcomments&post=50"}],"version-history":[{"count":4,"href":"https:\/\/www.baumundblume.de\/index.php?rest_route=\/wp\/v2\/pages\/50\/revisions"}],"predecessor-version":[{"id":224,"href":"https:\/\/www.baumundblume.de\/index.php?rest_route=\/wp\/v2\/pages\/50\/revisions\/224"}],"wp:attachment":[{"href":"https:\/\/www.baumundblume.de\/index.php?rest_route=%2Fwp%2Fv2%2Fmedia&parent=50"}],"curies":[{"name":"wp","href":"https:\/\/api.w.org\/{rel}","templated":true}]}}