{"id":52,"date":"2022-01-26T10:12:45","date_gmt":"2022-01-26T09:12:45","guid":{"rendered":"https:\/\/www.baumundblume.de\/?page_id=52"},"modified":"2022-01-26T10:58:00","modified_gmt":"2022-01-26T09:58:00","slug":"preise","status":"publish","type":"page","link":"https:\/\/www.baumundblume.de\/?page_id=52","title":{"rendered":"Preise"},"content":{"rendered":"\n<div class=\"wp-block-columns is-layout-flex wp-container-core-columns-is-layout-9d6595d7 wp-block-columns-is-layout-flex\">\n<div class=\"wp-block-column is-layout-flow wp-block-column-is-layout-flow\">\n<p><strong>Preise<\/strong><\/p>\n\n\n\n<p>eine Person ab 30,- \u20ac pro Nacht<br>zwei Personen ab 40,- \u20ac pro Nacht<\/p>\n\n\n\n<p>30,- \u20ac Servicepauschale<br>(beinhaltet u. a. Bereitstellung von Handt\u00fcchern und Bettw\u00e4sche)<\/p>\n\n\n\n<p>F\u00fcr Fahrradg\u00e4ste bereiten wir ein reichhaltiges Fr\u00fchst\u00fcck nach Absprache.<\/p>\n\n\n\n<p>Fahrr\u00e4der k\u00f6nnen in einem abgeschlossenen Raum abgestellt werden<\/p>\n<\/div>\n\n\n\n<div class=\"wp-block-column is-layout-flow wp-block-column-is-layout-flow\">\n<figure class=\"wp-block-image size-full\"><img loading=\"lazy\" decoding=\"async\" width=\"600\" height=\"450\" src=\"https:\/\/www.baumundblume.de\/wp-content\/uploads\/2022\/01\/06-1.jpg\" alt=\"\" class=\"wp-image-156\" srcset=\"https:\/\/www.baumundblume.de\/wp-content\/uploads\/2022\/01\/06-1.jpg 600w, https:\/\/www.baumundblume.de\/wp-content\/uploads\/2022\/01\/06-1-300x225.jpg 300w\" sizes=\"auto, (max-width: 600px) 100vw, 600px\" \/><\/figure>\n<\/div>\n<\/div>\n","protected":false},"excerpt":{"rendered":"<p>Preise eine Person ab 30,- \u20ac pro Nachtzwei Personen ab 40,- \u20ac pro Nacht 30,- \u20ac Servicepauschale(beinhaltet u. a. Bereitstellung von Handt\u00fcchern und Bettw\u00e4sche) F\u00fcr Fahrradg\u00e4ste bereiten wir ein reichhaltiges Fr\u00fchst\u00fcck nach Absprache. Fahrr\u00e4der k\u00f6nnen in einem abgeschlossenen Raum abgestellt werden<\/p>\n","protected":false},"author":1,"featured_media":0,"parent":0,"menu_order":0,"comment_status":"closed","ping_status":"closed","template":"","meta":{"footnotes":""},"class_list":["post-52","page","type-page","status-publish","hentry","entry"],"_links":{"self":[{"href":"https:\/\/www.baumundblume.de\/index.php?rest_route=\/wp\/v2\/pages\/52","targetHints":{"allow":["GET"]}}],"collection":[{"href":"https:\/\/www.baumundblume.de\/index.php?rest_route=\/wp\/v2\/pages"}],"about":[{"href":"https:\/\/www.baumundblume.de\/index.php?rest_route=\/wp\/v2\/types\/page"}],"author":[{"embeddable":true,"href":"https:\/\/www.baumundblume.de\/index.php?rest_route=\/wp\/v2\/users\/1"}],"replies":[{"embeddable":true,"href":"https:\/\/www.baumundblume.de\/index.php?rest_route=%2Fwp%2Fv2%2Fcomments&post=52"}],"version-history":[{"count":2,"href":"https:\/\/www.baumundblume.de\/index.php?rest_route=\/wp\/v2\/pages\/52\/revisions"}],"predecessor-version":[{"id":157,"href":"https:\/\/www.baumundblume.de\/index.php?rest_route=\/wp\/v2\/pages\/52\/revisions\/157"}],"wp:attachment":[{"href":"https:\/\/www.baumundblume.de\/index.php?rest_route=%2Fwp%2Fv2%2Fmedia&parent=52"}],"curies":[{"name":"wp","href":"https:\/\/api.w.org\/{rel}","templated":true}]}}